{"id":24,"date":"2019-01-29T08:01:21","date_gmt":"2019-01-29T08:01:21","guid":{"rendered":"https:\/\/lasnamaeautokool.ee\/ee\/?page_id=24"},"modified":"2025-11-26T08:43:14","modified_gmt":"2025-11-26T05:43:14","slug":"kontakt","status":"publish","type":"page","link":"https:\/\/lasnamaeautokool.ee\/ee\/kontakt\/","title":{"rendered":"Kontakt"},"content":{"rendered":"<p><div class=\"fusion-fullwidth fullwidth-box fusion-builder-row-1 fusion-flex-container fusion-parallax-none nonhundred-percent-fullwidth non-hundred-percent-height-scrolling\" style=\"background-color: rgba(255,255,255,0);background-image: url(&quot;https:\/\/lasnamaeautokool.ee\/ee\/wp-content\/uploads\/2021\/03\/BLAKE-REYES-Actor-Sunset-Hill-\u043a\u043e\u043f\u0438\u044f-\u043a\u043e\u043f\u0438\u044f-\u043a\u043e\u043f\u0438\u044f-\u043a\u043e\u043f\u0438\u044f-5.jpg&quot;);background-position: center center;background-repeat: no-repeat;border-width: 0px 0px 0px 0px;border-color:#eae9e9;border-style:solid;-webkit-background-size:cover;-moz-background-size:cover;-o-background-size:cover;background-size:cover;\" ><div class=\"fusion-builder-row fusion-row fusion-flex-align-items-flex-start\" style=\"max-width:calc( 1140px + 0px );margin-left: calc(-0px \/ 2 );margin-right: calc(-0px \/ 2 );\"><div class=\"fusion-layout-column fusion_builder_column fusion-builder-column-0 fusion_builder_column_1_1 1_1 fusion-flex-column\"><div class=\"fusion-column-wrapper fusion-flex-justify-content-flex-start fusion-content-layout-column\" style=\"background-position:left top;background-repeat:no-repeat;-webkit-background-size:cover;-moz-background-size:cover;-o-background-size:cover;background-size:cover;padding: 0px 0px 0px 0px;\"><div class=\"fusion-separator fusion-no-large-visibility fusion-full-width-sep\" style=\"align-self: center;margin-left: auto;margin-right: auto;margin-top:30px;width:100%;\"><\/div><style type=\"text\/css\">@media only screen and (max-width:1024px) {.fusion-title.fusion-title-1{margin-top:0px!important; margin-right:0px!important;margin-bottom:31px!important;margin-left:0px!important;}}@media only screen and (max-width:640px) {.fusion-title.fusion-title-1{margin-top:0px!important; margin-right:0px!important;margin-bottom:20px!important; margin-left:0px!important;}}<\/style><div class=\"fusion-title title fusion-title-1 fusion-sep-none fusion-title-text fusion-title-size-one\" style=\"margin-top:0px;margin-right:0px;margin-bottom:31px;margin-left:0px;\"><h1 class=\"title-heading-left md-text-align-center sm-text-align-center fusion-responsive-typography-calculated\" style=\"margin:0;color:#ffffff;--fontSize:60;line-height:1.4;\">Kontakt<\/h1><\/div><\/div><style type=\"text\/css\">.fusion-body .fusion-builder-column-0{width:100% !important;margin-top : 0px;margin-bottom : 0px;}.fusion-builder-column-0 > .fusion-column-wrapper {padding-top : 0px !important;padding-right : 0px !important;margin-right : 0px;padding-bottom : 0px !important;padding-left : 0px !important;margin-left : 0px;}@media only screen and (max-width:1024px) {.fusion-body .fusion-builder-column-0{width:100% !important;}.fusion-builder-column-0 > .fusion-column-wrapper {margin-right : 0px;margin-left : 0px;}}@media only screen and (max-width:640px) {.fusion-body .fusion-builder-column-0{width:100% !important;}.fusion-builder-column-0 > .fusion-column-wrapper {margin-right : 0px;margin-left : 0px;}}<\/style><\/div><\/div><style type=\"text\/css\">.fusion-body .fusion-flex-container.fusion-builder-row-1{ padding-top : 300px;margin-top : 0px;padding-right : 0px;padding-bottom : 0px;margin-bottom : 0px;padding-left : 0px;}<\/style><\/div><div class=\"fusion-fullwidth fullwidth-box fusion-builder-row-2 hundred-percent-fullwidth non-hundred-percent-height-scrolling\" style=\"background-color: rgba(255,255,255,0);background-position: center center;background-repeat: no-repeat;padding-top:87px;padding-right:27px;padding-bottom:0px;padding-left:29px;margin-bottom: 82px;margin-top: 0px;border-width: 0px 0px 0px 0px;border-color:#eae9e9;border-style:solid;\" ><div class=\"fusion-builder-row fusion-row\"><div class=\"fusion-layout-column fusion_builder_column fusion-builder-column-1 fusion_builder_column_1_2 1_2 fusion-one-half fusion-column-first\" style=\"width:50%;width:calc(50% - ( ( 0% ) * 0.5 ) );margin-right: 0%;margin-top:0px;margin-bottom:0px;\"><div class=\"fusion-column-wrapper fusion-flex-column-wrapper-legacy\" style=\"background-position:left top;background-repeat:no-repeat;-webkit-background-size:cover;-moz-background-size:cover;-o-background-size:cover;background-size:cover;padding: 0px 0px 0px 0px;\"><div class=\"fusion-text fusion-text-1\"><p data-pm-slice=\"0 0 &#091;&#093;\"><strong>Meie juures on k\u00fcsimustele alati aega \u2014 kirjuta e-posti v\u00f5i helista, aitame Sind r\u00f5\u00f5muga! \ud83d\ude0a<\/strong><\/p>\n<ul class=\"address\">\n<li><i class=\"fa fa-phone\" aria-hidden=\"true\"><a href=\"tel:+37258164100\"> +372 58164100<\/a><\/i><\/li>\n<li><i class=\"fa fa-phone\" aria-hidden=\"true\"><a href=\"tel:+37255539100\">\u00a0+372 55539100<\/a><\/i><\/li>\n<li><i class=\"fa fa-map-marker\" aria-hidden=\"true\"><\/i><strong><a href=\"https:\/\/www.google.ee\/maps\/place\/%C3%9Cmera+3,+13817+Tallinn\/@59.4443469,24.887336,17z\/data=!3m1!4b1!4m5!3m4!1s0x4692ecfa7278a767:0xcf260748904b35bc!8m2!3d59.4443442!4d24.8895247?hl=ru\" target=\"_blank\" rel=\"noopener\"> \u00dcmera Keskus, 2. korrus, Tallinn<\/a><\/strong><\/li>\n<li><i class=\"fa fa-envelope\" aria-hidden=\"true\"><\/i> <strong><a href=\"mailto:info@lasnamaeautokool.ee?subject=\u0412\u043e\u043f\u0440\u043e\u0441 \u043f\u043e Lasnam\u00e4e Autokool\">info@lasnamaeautokool.ee<\/a><\/strong><\/li>\n<\/ul>\n<ul class=\"address\">\n<li><strong>Rekvisiidid:\u00a0 <\/strong><\/li>\n<\/ul>\n<p>\u00a0 \u00a0 \u00a0 \u00a0Saaja: O\u00dc LASNAM\u00c4E AUTOKOOL<\/p>\n<p>\u00a0 \u00a0 \u00a0 \u00a0Kontonumber: EE442200221037997554<\/p>\n<p>\u00a0 \u00a0 \u00a0 \u00a0Selgitus: AUTOJUHTIMISKURSUSED<\/p>\n<p><strong>Kontori lahtiolekuajad:<\/strong><\/p>\n<p>Esmasp\u00e4ev: suletud<br \/>Teisip\u00e4ev: 11:00 \u2014 15:00 v\u00f5i 17:30 \u2014 20:00<br \/>Kolmap\u00e4ev: 11:00 \u2014 15:00 v\u00f5i 17:30 \u2014 20:00<br \/>Neljap\u00e4ev: 11:00 \u2014 15:00 v\u00f5i 17:30 \u2014 20:00<br \/>Reede: suletud<br \/>Laup\u00e4ev: 12:30 \u2014 15:15<br \/>P\u00fchap\u00e4ev: 12:30 \u2014 15:15<\/p>\n<\/div><div class=\"fusion-clearfix\"><\/div><\/div><\/div><div class=\"fusion-layout-column fusion_builder_column fusion-builder-column-2 fusion_builder_column_1_2 1_2 fusion-one-half fusion-column-last\" style=\"width:50%;width:calc(50% - ( ( 0% ) * 0.5 ) );margin-top:0px;margin-bottom:0px;\"><div class=\"fusion-column-wrapper fusion-flex-column-wrapper-legacy\" style=\"background-position:left top;background-repeat:no-repeat;-webkit-background-size:cover;-moz-background-size:cover;-o-background-size:cover;background-size:cover;padding: 0px 88px 0px 0px;\"><div class=\"fusion-video fusion-selfhosted-video fusion-no-small-visibility\" style=\"max-width:100%;\"><div class=\"video-wrapper\" style=\"box-shadow:0px 0px ;;\"><video playsinline=\"true\" width=\"100%\" style=\"object-fit: cover;\" autoplay=\"true\" muted=\"true\" loop=\"true\" preload=\"auto\"><source src=\"https:\/\/lasnamaeautokool.ee\/ee\/wp-content\/uploads\/2021\/03\/1aNEW.mp4\" type=\"video\/mp4\">Sorry, your browser doesn&#039;t support embedded videos.<\/video><\/div><\/div><div class=\"fusion-clearfix\"><\/div><\/div><\/div><\/div><\/div><div class=\"fusion-fullwidth fullwidth-box fusion-builder-row-3 fusion-parallax-none nonhundred-percent-fullwidth non-hundred-percent-height-scrolling fusion-equal-height-columns fusion-no-small-visibility fusion-no-medium-visibility\" style=\"background-color: rgba(255,255,255,0);background-image: url(&quot;https:\/\/lasnamaeautokool.ee\/ee\/wp-content\/uploads\/2021\/03\/\u0411\u0435\u0437-\u043d\u0430\u0437\u0432\u0430\u043d\u0438\u044f-\u043a\u043e\u043f\u0438\u044f.jpg&quot;);background-position: center center;background-repeat: no-repeat;padding-top:60px;padding-right:0px;padding-bottom:60px;padding-left:0px;margin-bottom: 0px;margin-top: 0px;border-width: 0px 0px 0px 0px;border-color:#eae9e9;border-style:solid;-webkit-background-size:cover;-moz-background-size:cover;-o-background-size:cover;background-size:cover;\" ><div class=\"fusion-builder-row fusion-row\"><div class=\"fusion-layout-column fusion_builder_column fusion-builder-column-3 fusion_builder_column_2_3 2_3 fusion-two-third fusion-column-first fusion-no-small-visibility fusion-no-medium-visibility fusion-animated\" style=\"width:66.666666666667%;width:calc(66.666666666667% - ( ( 4% ) * 0.66666666666667 ) );margin-right: 4%;margin-top:0px;margin-bottom:0px;\" data-animationType=\"fadeInLeft\" data-animationDuration=\"0.6\" data-animationOffset=\"top-into-view\"><div class=\"fusion-column-wrapper fusion-flex-column-wrapper-legacy\" style=\"background-position:left top;background-blend-mode: overlay;background-repeat:no-repeat;-webkit-background-size:cover;-moz-background-size:cover;-o-background-size:cover;background-size:cover;padding: 0px 0px 0px 0px;\"><div class=\"fusion-column-content-centered\"><div class=\"fusion-column-content\"><style type=\"text\/css\"><\/style><div class=\"fusion-title title fusion-title-2 fusion-sep-none fusion-title-text fusion-title-size-two\" style=\"margin-top:0px;margin-right:0px;margin-bottom:0px;margin-left:0px;\"><h2 class=\"title-heading-left fusion-responsive-typography-calculated\" style=\"margin:0;color:#ffffff;--fontSize:40;line-height:1.5;\"><p data-pm-slice=\"0 0 &#091;&#093;\">\u2744\ufe0f\u00a0 L\u00f5ppastme koolitus \u2013 iga kahe\u00a0 n\u00e4dala tagant \u2744\ufe0f<\/p><\/h2><\/div><style type=\"text\/css\"><\/style><div class=\"fusion-title title fusion-title-3 fusion-sep-none fusion-title-text fusion-title-size-three\" style=\"font-size:21px;margin-top:0px;margin-right:0px;margin-bottom:0px;margin-left:0px;\"><h3 class=\"title-heading-left fusion-responsive-typography-calculated\" style=\"margin:0;font-size:1em;color:#ffffff;--fontSize:21;--minFontSize:21px;line-height:1.5;\"><p data-pm-slice=\"0 0 &#091;&#093;\">Koolituse l\u00e4bimine v\u00f5tab vaid \u00fche p\u00e4eva<\/p><\/h3><\/div><\/div><\/div><div class=\"fusion-clearfix\"><\/div><\/div><\/div><div class=\"fusion-layout-column fusion_builder_column fusion-builder-column-4 fusion_builder_column_1_3 1_3 fusion-one-third fusion-column-last fusion-animated\" style=\"width:33.333333333333%;width:calc(33.333333333333% - ( ( 4% ) * 0.33333333333333 ) );margin-top:0px;margin-bottom:0px;\" data-animationType=\"fadeInRight\" data-animationDuration=\"0.6\" data-animationOffset=\"top-into-view\"><div class=\"fusion-column-wrapper fusion-flex-column-wrapper-legacy\" style=\"background-position:left top;background-blend-mode: overlay;background-repeat:no-repeat;-webkit-background-size:cover;-moz-background-size:cover;-o-background-size:cover;background-size:cover;padding: 0px 0px 0px 0px;\"><div class=\"fusion-column-content-centered\"><div class=\"fusion-column-content\"><ul class=\"fusion-checklist fusion-checklist-1\" style=\"font-size:30px;line-height:51px;\"><li style=\"background-color:rgba(255,255,255,0);\" class=\"fusion-li-item\"><span style=\"height:51px;width:51px;margin-right:21px;\" class=\"icon-wrapper circle-no\"><i class=\"fusion-li-icon fa-phone fas\" style=\"color:#ffffff;\" aria-hidden=\"true\"><\/i><\/span><div class=\"fusion-li-item-content\" style=\"margin-left:72px;color:#929aa3;\"><span style=\"color: #ffffff;\">+372 5816 4100<\/span><\/div><\/li><\/ul><\/div><\/div><div class=\"fusion-clearfix\"><\/div><\/div><\/div><\/div><\/div>\n<\/p>\n","protected":false},"excerpt":{"rendered":"","protected":false},"author":1,"featured_media":0,"parent":0,"menu_order":0,"comment_status":"closed","ping_status":"closed","template":"100-width.php","meta":{"_bbp_topic_count":0,"_bbp_reply_count":0,"_bbp_total_topic_count":0,"_bbp_total_reply_count":0,"_bbp_voice_count":0,"_bbp_anonymous_reply_count":0,"_bbp_topic_count_hidden":0,"_bbp_reply_count_hidden":0,"_bbp_forum_subforum_count":0,"footnotes":""},"class_list":["post-24","page","type-page","status-publish","hentry"],"yoast_head":"<!-- This site is optimized with the Yoast SEO plugin v21.3 - https:\/\/yoast.com\/wordpress\/plugins\/seo\/ -->\n<title>Kontakt - Lasnam&auml;e Autokool<\/title>\n<meta name=\"robots\" content=\"index, follow, max-snippet:-1, max-image-preview:large, max-video-preview:-1\" \/>\n<link rel=\"canonical\" href=\"https:\/\/lasnamaeautokool.ee\/ee\/kontakt\/\" \/>\n<meta property=\"og:locale\" content=\"en_US\" \/>\n<meta property=\"og:type\" content=\"article\" \/>\n<meta property=\"og:title\" content=\"Kontakt - Lasnam&auml;e Autokool\" \/>\n<meta property=\"og:url\" content=\"https:\/\/lasnamaeautokool.ee\/ee\/kontakt\/\" \/>\n<meta property=\"og:site_name\" content=\"Lasnam&auml;e Autokool\" \/>\n<meta property=\"article:modified_time\" content=\"2025-11-26T05:43:14+00:00\" \/>\n<meta name=\"twitter:card\" content=\"summary_large_image\" \/>\n<meta name=\"twitter:label1\" content=\"Est. reading time\" \/>\n\t<meta name=\"twitter:data1\" content=\"4 minutes\" \/>\n<script type=\"application\/ld+json\" class=\"yoast-schema-graph\">{\"@context\":\"https:\/\/schema.org\",\"@graph\":[{\"@type\":\"WebPage\",\"@id\":\"https:\/\/lasnamaeautokool.ee\/ee\/kontakt\/\",\"url\":\"https:\/\/lasnamaeautokool.ee\/ee\/kontakt\/\",\"name\":\"Kontakt - Lasnam&auml;e Autokool\",\"isPartOf\":{\"@id\":\"https:\/\/lasnamaeautokool.ee\/ee\/#website\"},\"datePublished\":\"2019-01-29T08:01:21+00:00\",\"dateModified\":\"2025-11-26T05:43:14+00:00\",\"breadcrumb\":{\"@id\":\"https:\/\/lasnamaeautokool.ee\/ee\/kontakt\/#breadcrumb\"},\"inLanguage\":\"en\",\"potentialAction\":[{\"@type\":\"ReadAction\",\"target\":[\"https:\/\/lasnamaeautokool.ee\/ee\/kontakt\/\"]}]},{\"@type\":\"BreadcrumbList\",\"@id\":\"https:\/\/lasnamaeautokool.ee\/ee\/kontakt\/#breadcrumb\",\"itemListElement\":[{\"@type\":\"ListItem\",\"position\":1,\"name\":\"\u0413\u043b\u0430\u0432\u043d\u0430\u044f \u0441\u0442\u0440\u0430\u043d\u0438\u0446\u0430\",\"item\":\"https:\/\/lasnamaeautokool.ee\/ee\/\"},{\"@type\":\"ListItem\",\"position\":2,\"name\":\"Kontakt\"}]},{\"@type\":\"WebSite\",\"@id\":\"https:\/\/lasnamaeautokool.ee\/ee\/#website\",\"url\":\"https:\/\/lasnamaeautokool.ee\/ee\/\",\"name\":\"Lasnam&auml;e Autokool\",\"description\":\"Autokool lasnam&auml;el, parim autokool tallinnas, autokool lasnamael, martin autokool, ahti autokool, l&otilde;ppastme koolitus, liikluslab autokool, e-&otilde;pe, e-autokool, autokool hinnad, soovita autokool\",\"potentialAction\":[{\"@type\":\"SearchAction\",\"target\":{\"@type\":\"EntryPoint\",\"urlTemplate\":\"https:\/\/lasnamaeautokool.ee\/ee\/?s={search_term_string}\"},\"query-input\":\"required name=search_term_string\"}],\"inLanguage\":\"en\"}]}<\/script>\n<!-- \/ Yoast SEO plugin. -->","yoast_head_json":{"title":"Kontakt - Lasnam&auml;e Autokool","robots":{"index":"index","follow":"follow","max-snippet":"max-snippet:-1","max-image-preview":"max-image-preview:large","max-video-preview":"max-video-preview:-1"},"canonical":"https:\/\/lasnamaeautokool.ee\/ee\/kontakt\/","og_locale":"en_US","og_type":"article","og_title":"Kontakt - Lasnam&auml;e Autokool","og_url":"https:\/\/lasnamaeautokool.ee\/ee\/kontakt\/","og_site_name":"Lasnam&auml;e Autokool","article_modified_time":"2025-11-26T05:43:14+00:00","twitter_card":"summary_large_image","twitter_misc":{"Est. reading time":"4 minutes"},"schema":{"@context":"https:\/\/schema.org","@graph":[{"@type":"WebPage","@id":"https:\/\/lasnamaeautokool.ee\/ee\/kontakt\/","url":"https:\/\/lasnamaeautokool.ee\/ee\/kontakt\/","name":"Kontakt - Lasnam&auml;e Autokool","isPartOf":{"@id":"https:\/\/lasnamaeautokool.ee\/ee\/#website"},"datePublished":"2019-01-29T08:01:21+00:00","dateModified":"2025-11-26T05:43:14+00:00","breadcrumb":{"@id":"https:\/\/lasnamaeautokool.ee\/ee\/kontakt\/#breadcrumb"},"inLanguage":"en","potentialAction":[{"@type":"ReadAction","target":["https:\/\/lasnamaeautokool.ee\/ee\/kontakt\/"]}]},{"@type":"BreadcrumbList","@id":"https:\/\/lasnamaeautokool.ee\/ee\/kontakt\/#breadcrumb","itemListElement":[{"@type":"ListItem","position":1,"name":"\u0413\u043b\u0430\u0432\u043d\u0430\u044f \u0441\u0442\u0440\u0430\u043d\u0438\u0446\u0430","item":"https:\/\/lasnamaeautokool.ee\/ee\/"},{"@type":"ListItem","position":2,"name":"Kontakt"}]},{"@type":"WebSite","@id":"https:\/\/lasnamaeautokool.ee\/ee\/#website","url":"https:\/\/lasnamaeautokool.ee\/ee\/","name":"Lasnam&auml;e Autokool","description":"Autokool lasnam&auml;el, parim autokool tallinnas, autokool lasnamael, martin autokool, ahti autokool, l&otilde;ppastme koolitus, liikluslab autokool, e-&otilde;pe, e-autokool, autokool hinnad, soovita autokool","potentialAction":[{"@type":"SearchAction","target":{"@type":"EntryPoint","urlTemplate":"https:\/\/lasnamaeautokool.ee\/ee\/?s={search_term_string}"},"query-input":"required name=search_term_string"}],"inLanguage":"en"}]}},"_links":{"self":[{"href":"https:\/\/lasnamaeautokool.ee\/ee\/wp-json\/wp\/v2\/pages\/24","targetHints":{"allow":["GET"]}}],"collection":[{"href":"https:\/\/lasnamaeautokool.ee\/ee\/wp-json\/wp\/v2\/pages"}],"about":[{"href":"https:\/\/lasnamaeautokool.ee\/ee\/wp-json\/wp\/v2\/types\/page"}],"author":[{"embeddable":true,"href":"https:\/\/lasnamaeautokool.ee\/ee\/wp-json\/wp\/v2\/users\/1"}],"replies":[{"embeddable":true,"href":"https:\/\/lasnamaeautokool.ee\/ee\/wp-json\/wp\/v2\/comments?post=24"}],"version-history":[{"count":78,"href":"https:\/\/lasnamaeautokool.ee\/ee\/wp-json\/wp\/v2\/pages\/24\/revisions"}],"predecessor-version":[{"id":1807,"href":"https:\/\/lasnamaeautokool.ee\/ee\/wp-json\/wp\/v2\/pages\/24\/revisions\/1807"}],"wp:attachment":[{"href":"https:\/\/lasnamaeautokool.ee\/ee\/wp-json\/wp\/v2\/media?parent=24"}],"curies":[{"name":"wp","href":"https:\/\/api.w.org\/{rel}","templated":true}]}}